{"id":78,"date":"2022-08-30T10:45:11","date_gmt":"2022-08-30T10:45:11","guid":{"rendered":"https:\/\/noseturn.fr\/?page_id=78"},"modified":"2023-12-24T08:49:54","modified_gmt":"2023-12-24T08:49:54","slug":"qui-suis-je","status":"publish","type":"page","link":"https:\/\/noseturn.fr\/index.php\/qui-suis-je\/","title":{"rendered":"QUI SUIS-JE ?"},"content":{"rendered":"\n<p class=\"has-text-align-center\">Je suis Thibaut Aguesse, j\u2019ai 38 ans.<\/p>\n\n\n\n<p class=\"has-text-align-center\">Passionn\u00e9 par l\u2019univers du v\u00e9lo depuis le plus jeune \u00e2ge. D\u2019abord par la pratique, puis tr\u00e8s rapidement par la m\u00e9canique.<\/p>\n\n\n\n<p class=\"has-text-align-center\">Le d\u00e9sir d\u2019\u00eatre autonome en m\u00e9canique, \u00e0 une \u00e9poque ou les tutos sur youtube n\u2019existaient pas, m\u2019a pouss\u00e9 \u00e0 passer de nombreuses heures sur mon v\u00e9lo, \u00e0 d\u00e9monter, remonter, pour comprendre comment tout cela fonctionnait. En parall\u00e8le, je me suis mis \u00e0 pratiquer le VTT sous diff\u00e9rentes formes, de plus en plus r\u00e9guli\u00e8rement, toujours \u00e0 la recherche de sensations.<\/p>\n\n\n\n<p class=\"has-text-align-center\">Toujours aussi passionn\u00e9 apr\u00e8s toutes ces ann\u00e9es, \u00e9prouvant une certaine lassitude dans mon ancien m\u00e9tier, j\u2019ai d\u00e9cid\u00e9 de me lancer dans le projet d\u2019ouvrir mon atelier d\u2019entretien et de r\u00e9paration de v\u00e9los. J\u2019ai \u00e0 coeur de proposer mes comp\u00e9tences et mon savoir faire, pour entretenir et r\u00e9parer votre v\u00e9lo.<\/p>\n\n\n\n<p class=\"has-text-align-center\">\u00c0 tr\u00e8s bient\u00f4t.<\/p>\n\n\n\n<figure class=\"wp-block-image size-large\"><img fetchpriority=\"high\" decoding=\"async\" width=\"1024\" height=\"1024\" src=\"https:\/\/noseturn.fr\/wp-content\/uploads\/2023\/02\/Portrait2-1024x1024.jpg\" alt=\"\" class=\"wp-image-290\" srcset=\"https:\/\/noseturn.fr\/wp-content\/uploads\/2023\/02\/Portrait2-1024x1024.jpg 1024w, https:\/\/noseturn.fr\/wp-content\/uploads\/2023\/02\/Portrait2-300x300.jpg 300w, https:\/\/noseturn.fr\/wp-content\/uploads\/2023\/02\/Portrait2-150x150.jpg 150w, https:\/\/noseturn.fr\/wp-content\/uploads\/2023\/02\/Portrait2-768x768.jpg 768w, https:\/\/noseturn.fr\/wp-content\/uploads\/2023\/02\/Portrait2-1536x1536.jpg 1536w, https:\/\/noseturn.fr\/wp-content\/uploads\/2023\/02\/Portrait2-2048x2048.jpg 2048w, https:\/\/noseturn.fr\/wp-content\/uploads\/2023\/02\/Portrait2-1240x1240.jpg 1240w, https:\/\/noseturn.fr\/wp-content\/uploads\/2023\/02\/Portrait2-508x508.jpg 508w\" sizes=\"(max-width: 1024px) 100vw, 1024px\" \/><\/figure>\n","protected":false},"excerpt":{"rendered":"<p>Je suis Thibaut Aguesse, j\u2019ai 38 ans. Passionn\u00e9 par l\u2019univers du v\u00e9lo depuis le plus jeune \u00e2ge. D\u2019abord par la pratique, puis tr\u00e8s rapidement par la m\u00e9canique. Le d\u00e9sir d\u2019\u00eatre autonome en m\u00e9canique, \u00e0 une \u00e9poque ou les tutos sur youtube n\u2019existaient pas, m\u2019a pouss\u00e9 \u00e0 passer de nombreuses heures sur mon v\u00e9lo, \u00e0 d\u00e9monter, [&hellip;]<\/p>\n","protected":false},"author":1,"featured_media":0,"parent":0,"menu_order":11,"comment_status":"closed","ping_status":"closed","template":"","meta":{"om_disable_all_campaigns":false,"_monsterinsights_skip_tracking":false,"_monsterinsights_sitenote_active":false,"_monsterinsights_sitenote_note":"","_monsterinsights_sitenote_category":0,"footnotes":""},"class_list":["post-78","page","type-page","status-publish","hentry"],"aioseo_notices":[],"_links":{"self":[{"href":"https:\/\/noseturn.fr\/index.php\/wp-json\/wp\/v2\/pages\/78","targetHints":{"allow":["GET"]}}],"collection":[{"href":"https:\/\/noseturn.fr\/index.php\/wp-json\/wp\/v2\/pages"}],"about":[{"href":"https:\/\/noseturn.fr\/index.php\/wp-json\/wp\/v2\/types\/page"}],"author":[{"embeddable":true,"href":"https:\/\/noseturn.fr\/index.php\/wp-json\/wp\/v2\/users\/1"}],"replies":[{"embeddable":true,"href":"https:\/\/noseturn.fr\/index.php\/wp-json\/wp\/v2\/comments?post=78"}],"version-history":[{"count":8,"href":"https:\/\/noseturn.fr\/index.php\/wp-json\/wp\/v2\/pages\/78\/revisions"}],"predecessor-version":[{"id":319,"href":"https:\/\/noseturn.fr\/index.php\/wp-json\/wp\/v2\/pages\/78\/revisions\/319"}],"wp:attachment":[{"href":"https:\/\/noseturn.fr\/index.php\/wp-json\/wp\/v2\/media?parent=78"}],"curies":[{"name":"wp","href":"https:\/\/api.w.org\/{rel}","templated":true}]}}