{"id":7,"date":"2022-08-29T19:40:59","date_gmt":"2022-08-29T19:40:59","guid":{"rendered":"https:\/\/noseturn.fr\/?page_id=7"},"modified":"2024-07-04T08:37:33","modified_gmt":"2024-07-04T08:37:33","slug":"le-nose-turn","status":"publish","type":"page","link":"https:\/\/noseturn.fr\/index.php\/le-nose-turn\/","title":{"rendered":"LE NOSE TURN ?"},"content":{"rendered":"\n<div class=\"wp-block-group\"><div class=\"wp-block-group__inner-container is-layout-flow wp-block-group-is-layout-flow\">\n<div class=\"wp-block-group alignfull\"><div class=\"wp-block-group__inner-container is-layout-flow wp-block-group-is-layout-flow\">\n<p class=\"has-text-align-center has-white-background-color has-background\">Le Nose Turn est un geste technique utilis\u00e9 en VTT. Il consiste \u00e0 passer un virage, plus ou moins serr\u00e9, en roulant uniquement sur la roue avant.<\/p>\n\n\n\n<p class=\"has-text-align-center has-white-background-color has-background\">Il arrive parfois qu&rsquo;il soit indispensable pour passer sans poser le pied \u00e0 terre, mais dans bien des cas, il est r\u00e9alis\u00e9 dans le but de passer plus vite, ou simplement de s&rsquo;amuser. <\/p>\n<\/div><\/div>\n<\/div><\/div>\n\n\n<div class=\"wp-block-image\">\n<figure class=\"aligncenter size-full\"><img fetchpriority=\"high\" decoding=\"async\" width=\"480\" height=\"480\" src=\"http:\/\/noseturn.fr\/wp-content\/uploads\/2022\/08\/NOSETURN-2.gif\" alt=\"\" class=\"wp-image-101\"\/><\/figure>\n<\/div>\n\n\n<figure class=\"wp-block-image size-large\"><img decoding=\"async\" width=\"1024\" height=\"683\" src=\"https:\/\/noseturn.fr\/wp-content\/uploads\/2023\/02\/DSCF9834-1024x683.jpg\" alt=\"\" class=\"wp-image-293\" srcset=\"https:\/\/noseturn.fr\/wp-content\/uploads\/2023\/02\/DSCF9834-1024x683.jpg 1024w, https:\/\/noseturn.fr\/wp-content\/uploads\/2023\/02\/DSCF9834-300x200.jpg 300w, https:\/\/noseturn.fr\/wp-content\/uploads\/2023\/02\/DSCF9834-768x512.jpg 768w, https:\/\/noseturn.fr\/wp-content\/uploads\/2023\/02\/DSCF9834-1536x1024.jpg 1536w, https:\/\/noseturn.fr\/wp-content\/uploads\/2023\/02\/DSCF9834-2048x1365.jpg 2048w, https:\/\/noseturn.fr\/wp-content\/uploads\/2023\/02\/DSCF9834-1240x827.jpg 1240w, https:\/\/noseturn.fr\/wp-content\/uploads\/2023\/02\/DSCF9834-508x339.jpg 508w\" sizes=\"(max-width: 1024px) 100vw, 1024px\" \/><\/figure>\n","protected":false},"excerpt":{"rendered":"<p>Le Nose Turn est un geste technique utilis\u00e9 en VTT. Il consiste \u00e0 passer un virage, plus ou moins serr\u00e9, en roulant uniquement sur la roue avant. Il arrive parfois qu&rsquo;il soit indispensable pour passer sans poser le pied \u00e0 terre, mais dans bien des cas, il est r\u00e9alis\u00e9 dans le but de passer plus [&hellip;]<\/p>\n","protected":false},"author":1,"featured_media":0,"parent":0,"menu_order":40,"comment_status":"closed","ping_status":"closed","template":"","meta":{"om_disable_all_campaigns":false,"_monsterinsights_skip_tracking":false,"_monsterinsights_sitenote_active":false,"_monsterinsights_sitenote_note":"","_monsterinsights_sitenote_category":0,"footnotes":""},"class_list":["post-7","page","type-page","status-publish","hentry"],"aioseo_notices":[],"_links":{"self":[{"href":"https:\/\/noseturn.fr\/index.php\/wp-json\/wp\/v2\/pages\/7","targetHints":{"allow":["GET"]}}],"collection":[{"href":"https:\/\/noseturn.fr\/index.php\/wp-json\/wp\/v2\/pages"}],"about":[{"href":"https:\/\/noseturn.fr\/index.php\/wp-json\/wp\/v2\/types\/page"}],"author":[{"embeddable":true,"href":"https:\/\/noseturn.fr\/index.php\/wp-json\/wp\/v2\/users\/1"}],"replies":[{"embeddable":true,"href":"https:\/\/noseturn.fr\/index.php\/wp-json\/wp\/v2\/comments?post=7"}],"version-history":[{"count":29,"href":"https:\/\/noseturn.fr\/index.php\/wp-json\/wp\/v2\/pages\/7\/revisions"}],"predecessor-version":[{"id":329,"href":"https:\/\/noseturn.fr\/index.php\/wp-json\/wp\/v2\/pages\/7\/revisions\/329"}],"wp:attachment":[{"href":"https:\/\/noseturn.fr\/index.php\/wp-json\/wp\/v2\/media?parent=7"}],"curies":[{"name":"wp","href":"https:\/\/api.w.org\/{rel}","templated":true}]}}