{"id":2,"date":"2022-08-29T19:22:41","date_gmt":"2022-08-29T19:22:41","guid":{"rendered":"http:\/\/noseturn.fr\/?page_id=2"},"modified":"2025-06-02T10:48:23","modified_gmt":"2025-06-02T10:48:23","slug":"sample-page","status":"publish","type":"page","link":"https:\/\/noseturn.fr\/index.php\/sample-page\/","title":{"rendered":"TARIFS"},"content":{"rendered":"\n<p>Deux principaux forfaits de r\u00e9vision vous sont propos\u00e9s \u00e0 l&rsquo;atelier. Les diagnostics et les devis sont gratuits.<\/p>\n\n\n\n<p><strong>R\u00e9vision simple<\/strong> : il comprend le r\u00e9glages des freins et de la transmission, ainsi qu&rsquo;un contr\u00f4le g\u00e9n\u00e9ral de tous les serrages du v\u00e9lo, et de la pression des pneumatiques. 35\u20ac<\/p>\n\n\n\n<p><\/p>\n\n\n\n<p><strong>R\u00e9vision int\u00e9grale<\/strong> : il comprend l&rsquo;int\u00e9gralit\u00e9 du forfait simple + le graissage du jeu de direction et du boitier de p\u00e9dalier, ainsi qu&rsquo;un contr\u00f4le du voile et des tensions des roues. 50\u20ac <\/p>\n\n\n\n<p>Pour les petites r\u00e9parations ainsi que les interventions plus sp\u00e9cifiques, des forfaits d\u00e9di\u00e9s vous seront propos\u00e9s. Voici quelques exemples :<\/p>\n\n\n\n<ul class=\"wp-block-list\">\n<li>Changement chambre \u00e0 air et\/ou pneu tube type 10\u20ac<\/li>\n\n\n\n<li>Purge d\u2019un frein \u00e0 disque 25\u20ac<\/li>\n\n\n\n<li>D\u00e9voilage d\u2019une roue 15\u20ac<\/li>\n\n\n\n<li>Changement boitier de p\u00e9dalier 20\u20ac<\/li>\n<\/ul>\n\n\n\n<p>Base : 60\u20ac\/h<\/p>\n\n\n\n<p class=\"has-text-align-right has-small-font-size\">Prix TTC en \u20ac, main d\u2019oeuvre uniquement, pi\u00e8ces en suppl\u00e9ment.<\/p>\n\n\n\n<p><\/p>\n\n\n\n<p><\/p>\n","protected":false},"excerpt":{"rendered":"<p>Deux principaux forfaits de r\u00e9vision vous sont propos\u00e9s \u00e0 l&rsquo;atelier. Les diagnostics et les devis sont gratuits. R\u00e9vision simple : il comprend le r\u00e9glages des freins et de la transmission, ainsi qu&rsquo;un contr\u00f4le g\u00e9n\u00e9ral de tous les serrages du v\u00e9lo, et de la pression des pneumatiques. 35\u20ac R\u00e9vision int\u00e9grale : il comprend l&rsquo;int\u00e9gralit\u00e9 du forfait [&hellip;]<\/p>\n","protected":false},"author":1,"featured_media":0,"parent":0,"menu_order":50,"comment_status":"closed","ping_status":"closed","template":"","meta":{"om_disable_all_campaigns":false,"_monsterinsights_skip_tracking":false,"_monsterinsights_sitenote_active":false,"_monsterinsights_sitenote_note":"","_monsterinsights_sitenote_category":0,"footnotes":""},"class_list":["post-2","page","type-page","status-publish","hentry"],"aioseo_notices":[],"_links":{"self":[{"href":"https:\/\/noseturn.fr\/index.php\/wp-json\/wp\/v2\/pages\/2","targetHints":{"allow":["GET"]}}],"collection":[{"href":"https:\/\/noseturn.fr\/index.php\/wp-json\/wp\/v2\/pages"}],"about":[{"href":"https:\/\/noseturn.fr\/index.php\/wp-json\/wp\/v2\/types\/page"}],"author":[{"embeddable":true,"href":"https:\/\/noseturn.fr\/index.php\/wp-json\/wp\/v2\/users\/1"}],"replies":[{"embeddable":true,"href":"https:\/\/noseturn.fr\/index.php\/wp-json\/wp\/v2\/comments?post=2"}],"version-history":[{"count":23,"href":"https:\/\/noseturn.fr\/index.php\/wp-json\/wp\/v2\/pages\/2\/revisions"}],"predecessor-version":[{"id":355,"href":"https:\/\/noseturn.fr\/index.php\/wp-json\/wp\/v2\/pages\/2\/revisions\/355"}],"wp:attachment":[{"href":"https:\/\/noseturn.fr\/index.php\/wp-json\/wp\/v2\/media?parent=2"}],"curies":[{"name":"wp","href":"https:\/\/api.w.org\/{rel}","templated":true}]}}