{"id":19,"date":"2022-08-30T05:45:18","date_gmt":"2022-08-30T05:45:18","guid":{"rendered":"https:\/\/noseturn.fr\/?page_id=19"},"modified":"2026-03-07T08:02:06","modified_gmt":"2026-03-07T08:02:06","slug":"accueil","status":"publish","type":"page","link":"https:\/\/noseturn.fr\/","title":{"rendered":"ACCUEIL"},"content":{"rendered":"<p style=\"text-align: center;\">Bienvenue sur le site noseturn.fr<\/p>\n<p style=\"text-align: center;\"><strong><!-- \/wp:post-content --><!-- wp:group {\"layout\":{\"type\":\"constrained\"}} --><\/strong><\/p>\n<p style=\"text-align: center;\"><strong><!-- wp:paragraph {\"align\":\"center\"} --><\/strong><\/p>\n<p style=\"text-align: center;\"><strong><!-- \/wp:paragraph --><!-- wp:paragraph {\"align\":\"center\"} --><\/strong><\/p>\n<p style=\"text-align: center;\">Vous retrouverez les infos concernant votre atelier de r\u00e9paration cycle situ\u00e9 au 2, Rue de la Clairi\u00e8re \u00e0 Saint Hilaire de Clisson (44).<\/p>\n\n<h3 style=\"text-align: center;\"><strong>L&rsquo;atelier sera ferm\u00e9 exceptionnellement ce Lundi 9 mars.<\/strong><\/h3>\n<p style=\"text-align: center;\"><!-- \/wp:paragraph --><\/p>\n<p style=\"text-align: center;\"><!-- \/wp:group --><!-- wp:paragraph {\"align\":\"center\",\"fontSize\":\"large\"} --><\/p>\n<p style=\"text-align: center;\"><!-- \/wp:paragraph --><!-- wp:paragraph {\"align\":\"center\"} --><\/p>\n<p style=\"text-align: center;\">Du lundi au vendredi de 10h \u00e0 18h15 (sauf le jeudi matin) et samedi de 9h \u00e0 12h.<\/p>\n<p style=\"text-align: center;\"><!-- \/wp:paragraph --><!-- wp:paragraph {\"align\":\"center\"} --><\/p>\n<p style=\"text-align: center;\">\u00c9lectrification possible de votre v\u00e9lo gr\u00e2ce \u00e0 &gt; <a title=\"\" href=\"https:\/\/virvolt.fr\/blogs\/infos\/electrifier-velo-nantes-guide-ateliers-aides-avantages-2024\">Virvolt<\/a><\/p>\n<p style=\"text-align: center;\"><!-- \/wp:paragraph --><!-- wp:paragraph {\"align\":\"center\"} --><\/p>\n<p style=\"text-align: center;\">Vous pouvez me contacter au <a title=\"\" href=\"tel:+33658873611\">06 58 87 36 11<\/a> pour prendre des renseignements ou rendez vous.<\/p>\n<p style=\"text-align: center;\"><!-- \/wp:paragraph --><!-- wp:paragraph {\"align\":\"center\"} --><\/p>\n<p style=\"text-align: center;\">Suivez moi sur <a href=\"https:\/\/www.instagram.com\/noseturn\/\" target=\"_blank\" rel=\"noopener\">instagram<\/a>.<\/p>\n<!-- \/wp:paragraph --><!-- wp:image {\"id\":321,\"sizeSlug\":\"large\",\"linkDestination\":\"none\"} -->\n<figure><img decoding=\"async\" src=\"https:\/\/noseturn.fr\/wp-content\/uploads\/2024\/01\/IMG_8773-1024x768.jpg\" alt=\"\" \/><\/figure>\n<!-- \/wp:image -->","protected":false},"excerpt":{"rendered":"<p>Bienvenue sur le site noseturn.fr Vous retrouverez les infos concernant votre atelier de r\u00e9paration cycle situ\u00e9 au 2, Rue de la Clairi\u00e8re \u00e0 Saint Hilaire de Clisson (44). L&rsquo;atelier sera ferm\u00e9 exceptionnellement ce Lundi 9 mars. Du lundi au vendredi de 10h \u00e0 18h15 (sauf le jeudi matin) et samedi de 9h \u00e0 12h. \u00c9lectrification [&hellip;]<\/p>\n","protected":false},"author":1,"featured_media":0,"parent":0,"menu_order":10,"comment_status":"closed","ping_status":"closed","template":"","meta":{"om_disable_all_campaigns":false,"_monsterinsights_skip_tracking":false,"_monsterinsights_sitenote_active":false,"_monsterinsights_sitenote_note":"","_monsterinsights_sitenote_category":0,"footnotes":""},"class_list":["post-19","page","type-page","status-publish","hentry"],"aioseo_notices":[],"_links":{"self":[{"href":"https:\/\/noseturn.fr\/index.php\/wp-json\/wp\/v2\/pages\/19","targetHints":{"allow":["GET"]}}],"collection":[{"href":"https:\/\/noseturn.fr\/index.php\/wp-json\/wp\/v2\/pages"}],"about":[{"href":"https:\/\/noseturn.fr\/index.php\/wp-json\/wp\/v2\/types\/page"}],"author":[{"embeddable":true,"href":"https:\/\/noseturn.fr\/index.php\/wp-json\/wp\/v2\/users\/1"}],"replies":[{"embeddable":true,"href":"https:\/\/noseturn.fr\/index.php\/wp-json\/wp\/v2\/comments?post=19"}],"version-history":[{"count":115,"href":"https:\/\/noseturn.fr\/index.php\/wp-json\/wp\/v2\/pages\/19\/revisions"}],"predecessor-version":[{"id":379,"href":"https:\/\/noseturn.fr\/index.php\/wp-json\/wp\/v2\/pages\/19\/revisions\/379"}],"wp:attachment":[{"href":"https:\/\/noseturn.fr\/index.php\/wp-json\/wp\/v2\/media?parent=19"}],"curies":[{"name":"wp","href":"https:\/\/api.w.org\/{rel}","templated":true}]}}