{"id":10,"date":"2022-08-29T20:12:26","date_gmt":"2022-08-29T20:12:26","guid":{"rendered":"https:\/\/noseturn.fr\/?page_id=10"},"modified":"2023-02-25T11:03:39","modified_gmt":"2023-02-25T11:03:39","slug":"latelier","status":"publish","type":"page","link":"https:\/\/noseturn.fr\/index.php\/latelier\/","title":{"rendered":"L&rsquo;ATELIER"},"content":{"rendered":"\n<div class=\"wp-block-group\"><div class=\"wp-block-group__inner-container is-layout-flow wp-block-group-is-layout-flow\">\n<p class=\"has-text-align-center\">L&rsquo;atelier est \u00e9quip\u00e9 avec de l&rsquo;outillage de qualit\u00e9 professionnelle pour r\u00e9pondre \u00e0 toutes les demandes.<\/p>\n\n\n\n<p class=\"has-text-align-center\">De la cl\u00e9 allen pour un petit r\u00e9glage, \u00e0 la presse \u00e0 roulements pour remettre \u00e0 neuf l&rsquo;articulation d&rsquo;un cadre tout suspendu.<\/p>\n<\/div><\/div>\n\n\n\n<p><\/p>\n\n\n\n<figure class=\"wp-block-image size-large\"><img fetchpriority=\"high\" decoding=\"async\" width=\"1024\" height=\"683\" src=\"https:\/\/noseturn.fr\/wp-content\/uploads\/2022\/09\/IMG_3588-1024x683.jpg\" alt=\"\" class=\"wp-image-156\" srcset=\"https:\/\/noseturn.fr\/wp-content\/uploads\/2022\/09\/IMG_3588-1024x683.jpg 1024w, https:\/\/noseturn.fr\/wp-content\/uploads\/2022\/09\/IMG_3588-300x200.jpg 300w, https:\/\/noseturn.fr\/wp-content\/uploads\/2022\/09\/IMG_3588-768x512.jpg 768w, https:\/\/noseturn.fr\/wp-content\/uploads\/2022\/09\/IMG_3588-1536x1025.jpg 1536w, https:\/\/noseturn.fr\/wp-content\/uploads\/2022\/09\/IMG_3588-1240x827.jpg 1240w, https:\/\/noseturn.fr\/wp-content\/uploads\/2022\/09\/IMG_3588-508x339.jpg 508w, https:\/\/noseturn.fr\/wp-content\/uploads\/2022\/09\/IMG_3588.jpg 2000w\" sizes=\"(max-width: 1024px) 100vw, 1024px\" \/><\/figure>\n\n\n\n<figure class=\"wp-block-image size-large\"><img decoding=\"async\" width=\"1024\" height=\"1024\" src=\"https:\/\/noseturn.fr\/wp-content\/uploads\/2023\/02\/OUTILS-2-1024x1024.jpg\" alt=\"\" class=\"wp-image-299\" srcset=\"https:\/\/noseturn.fr\/wp-content\/uploads\/2023\/02\/OUTILS-2-1024x1024.jpg 1024w, https:\/\/noseturn.fr\/wp-content\/uploads\/2023\/02\/OUTILS-2-300x300.jpg 300w, https:\/\/noseturn.fr\/wp-content\/uploads\/2023\/02\/OUTILS-2-150x150.jpg 150w, https:\/\/noseturn.fr\/wp-content\/uploads\/2023\/02\/OUTILS-2-768x768.jpg 768w, https:\/\/noseturn.fr\/wp-content\/uploads\/2023\/02\/OUTILS-2-1240x1240.jpg 1240w, https:\/\/noseturn.fr\/wp-content\/uploads\/2023\/02\/OUTILS-2-508x508.jpg 508w, https:\/\/noseturn.fr\/wp-content\/uploads\/2023\/02\/OUTILS-2.jpg 1440w\" sizes=\"(max-width: 1024px) 100vw, 1024px\" \/><\/figure>\n","protected":false},"excerpt":{"rendered":"<p>L&rsquo;atelier est \u00e9quip\u00e9 avec de l&rsquo;outillage de qualit\u00e9 professionnelle pour r\u00e9pondre \u00e0 toutes les demandes. De la cl\u00e9 allen pour un petit r\u00e9glage, \u00e0 la presse \u00e0 roulements pour remettre \u00e0 neuf l&rsquo;articulation d&rsquo;un cadre tout suspendu.<\/p>\n","protected":false},"author":1,"featured_media":0,"parent":0,"menu_order":30,"comment_status":"closed","ping_status":"closed","template":"","meta":{"om_disable_all_campaigns":false,"_monsterinsights_skip_tracking":false,"_monsterinsights_sitenote_active":false,"_monsterinsights_sitenote_note":"","_monsterinsights_sitenote_category":0,"footnotes":""},"class_list":["post-10","page","type-page","status-publish","hentry"],"aioseo_notices":[],"_links":{"self":[{"href":"https:\/\/noseturn.fr\/index.php\/wp-json\/wp\/v2\/pages\/10","targetHints":{"allow":["GET"]}}],"collection":[{"href":"https:\/\/noseturn.fr\/index.php\/wp-json\/wp\/v2\/pages"}],"about":[{"href":"https:\/\/noseturn.fr\/index.php\/wp-json\/wp\/v2\/types\/page"}],"author":[{"embeddable":true,"href":"https:\/\/noseturn.fr\/index.php\/wp-json\/wp\/v2\/users\/1"}],"replies":[{"embeddable":true,"href":"https:\/\/noseturn.fr\/index.php\/wp-json\/wp\/v2\/comments?post=10"}],"version-history":[{"count":11,"href":"https:\/\/noseturn.fr\/index.php\/wp-json\/wp\/v2\/pages\/10\/revisions"}],"predecessor-version":[{"id":300,"href":"https:\/\/noseturn.fr\/index.php\/wp-json\/wp\/v2\/pages\/10\/revisions\/300"}],"wp:attachment":[{"href":"https:\/\/noseturn.fr\/index.php\/wp-json\/wp\/v2\/media?parent=10"}],"curies":[{"name":"wp","href":"https:\/\/api.w.org\/{rel}","templated":true}]}}